{"id":1652,"date":"2024-02-13T08:18:32","date_gmt":"2024-02-13T07:18:32","guid":{"rendered":"https:\/\/piorapolskie.pl\/polish-products-origin\/"},"modified":"2024-07-28T18:46:17","modified_gmt":"2024-07-28T16:46:17","slug":"polish-products-origin","status":"publish","type":"page","link":"https:\/\/piorapolskie.pl\/en\/polish-products-origin\/","title":{"rendered":"Polish products &#8211; origin"},"content":{"rendered":"","protected":false},"excerpt":{"rendered":"","protected":false},"author":2,"featured_media":0,"parent":0,"menu_order":0,"comment_status":"closed","ping_status":"closed","template":"page-templates\/piora-polskie.php","meta":{"_acf_changed":false,"footnotes":""},"acf":[],"yoast_head":"<!-- This site is optimized with the Yoast SEO plugin v22.7 - https:\/\/yoast.com\/wordpress\/plugins\/seo\/ -->\n<title>Polish products - origin - Pi\u00f3ra Polskie - Artyku\u0142y pi\u015bmienne i biznesowe, galanteria sk\u00f3rzana.<\/title>\n<meta name=\"robots\" content=\"index, follow, max-snippet:-1, max-image-preview:large, max-video-preview:-1\" \/>\n<link rel=\"canonical\" href=\"https:\/\/piorapolskie.pl\/en\/polish-products-origin\/\" \/>\n<meta property=\"og:locale\" content=\"en_US\" \/>\n<meta property=\"og:type\" content=\"article\" \/>\n<meta property=\"og:title\" content=\"Polish products - origin - Pi\u00f3ra Polskie - Artyku\u0142y pi\u015bmienne i biznesowe, galanteria sk\u00f3rzana.\" \/>\n<meta property=\"og:url\" content=\"https:\/\/piorapolskie.pl\/en\/polish-products-origin\/\" \/>\n<meta property=\"og:site_name\" content=\"Pi\u00f3ra Polskie - Artyku\u0142y pi\u015bmienne i biznesowe, galanteria sk\u00f3rzana.\" \/>\n<meta property=\"article:modified_time\" content=\"2024-07-28T16:46:17+00:00\" \/>\n<meta name=\"twitter:card\" content=\"summary_large_image\" \/>\n<script type=\"application\/ld+json\" class=\"yoast-schema-graph\">{\"@context\":\"https:\/\/schema.org\",\"@graph\":[{\"@type\":\"WebPage\",\"@id\":\"https:\/\/piorapolskie.pl\/en\/polish-products-origin\/\",\"url\":\"https:\/\/piorapolskie.pl\/en\/polish-products-origin\/\",\"name\":\"Polish products - origin - Pi\u00f3ra Polskie - Artyku\u0142y pi\u015bmienne i biznesowe, galanteria sk\u00f3rzana.\",\"isPartOf\":{\"@id\":\"https:\/\/piorapolskie.pl\/en\/#website\"},\"datePublished\":\"2024-02-13T07:18:32+00:00\",\"dateModified\":\"2024-07-28T16:46:17+00:00\",\"breadcrumb\":{\"@id\":\"https:\/\/piorapolskie.pl\/en\/polish-products-origin\/#breadcrumb\"},\"inLanguage\":\"en-US\",\"potentialAction\":[{\"@type\":\"ReadAction\",\"target\":[\"https:\/\/piorapolskie.pl\/en\/polish-products-origin\/\"]}]},{\"@type\":\"BreadcrumbList\",\"@id\":\"https:\/\/piorapolskie.pl\/en\/polish-products-origin\/#breadcrumb\",\"itemListElement\":[{\"@type\":\"ListItem\",\"position\":1,\"name\":\"Strona g\u0142\u00f3wna\",\"item\":\"https:\/\/piorapolskie.pl\/en\/\"},{\"@type\":\"ListItem\",\"position\":2,\"name\":\"Polish products &#8211; origin\"}]},{\"@type\":\"WebSite\",\"@id\":\"https:\/\/piorapolskie.pl\/en\/#website\",\"url\":\"https:\/\/piorapolskie.pl\/en\/\",\"name\":\"Pi\u00f3ra Polskie - Artyku\u0142y pi\u015bmienne i biznesowe, galanteria sk\u00f3rzana.\",\"description\":\"\",\"potentialAction\":[{\"@type\":\"SearchAction\",\"target\":{\"@type\":\"EntryPoint\",\"urlTemplate\":\"https:\/\/piorapolskie.pl\/en\/?s={search_term_string}\"},\"query-input\":\"required name=search_term_string\"}],\"inLanguage\":\"en-US\"}]}<\/script>\n<!-- \/ Yoast SEO plugin. -->","yoast_head_json":{"title":"Polish products - origin - Pi\u00f3ra Polskie - Artyku\u0142y pi\u015bmienne i biznesowe, galanteria sk\u00f3rzana.","robots":{"index":"index","follow":"follow","max-snippet":"max-snippet:-1","max-image-preview":"max-image-preview:large","max-video-preview":"max-video-preview:-1"},"canonical":"https:\/\/piorapolskie.pl\/en\/polish-products-origin\/","og_locale":"en_US","og_type":"article","og_title":"Polish products - origin - Pi\u00f3ra Polskie - Artyku\u0142y pi\u015bmienne i biznesowe, galanteria sk\u00f3rzana.","og_url":"https:\/\/piorapolskie.pl\/en\/polish-products-origin\/","og_site_name":"Pi\u00f3ra Polskie - Artyku\u0142y pi\u015bmienne i biznesowe, galanteria sk\u00f3rzana.","article_modified_time":"2024-07-28T16:46:17+00:00","twitter_card":"summary_large_image","schema":{"@context":"https:\/\/schema.org","@graph":[{"@type":"WebPage","@id":"https:\/\/piorapolskie.pl\/en\/polish-products-origin\/","url":"https:\/\/piorapolskie.pl\/en\/polish-products-origin\/","name":"Polish products - origin - Pi\u00f3ra Polskie - Artyku\u0142y pi\u015bmienne i biznesowe, galanteria sk\u00f3rzana.","isPartOf":{"@id":"https:\/\/piorapolskie.pl\/en\/#website"},"datePublished":"2024-02-13T07:18:32+00:00","dateModified":"2024-07-28T16:46:17+00:00","breadcrumb":{"@id":"https:\/\/piorapolskie.pl\/en\/polish-products-origin\/#breadcrumb"},"inLanguage":"en-US","potentialAction":[{"@type":"ReadAction","target":["https:\/\/piorapolskie.pl\/en\/polish-products-origin\/"]}]},{"@type":"BreadcrumbList","@id":"https:\/\/piorapolskie.pl\/en\/polish-products-origin\/#breadcrumb","itemListElement":[{"@type":"ListItem","position":1,"name":"Strona g\u0142\u00f3wna","item":"https:\/\/piorapolskie.pl\/en\/"},{"@type":"ListItem","position":2,"name":"Polish products &#8211; origin"}]},{"@type":"WebSite","@id":"https:\/\/piorapolskie.pl\/en\/#website","url":"https:\/\/piorapolskie.pl\/en\/","name":"Pi\u00f3ra Polskie - Artyku\u0142y pi\u015bmienne i biznesowe, galanteria sk\u00f3rzana.","description":"","potentialAction":[{"@type":"SearchAction","target":{"@type":"EntryPoint","urlTemplate":"https:\/\/piorapolskie.pl\/en\/?s={search_term_string}"},"query-input":"required name=search_term_string"}],"inLanguage":"en-US"}]}},"_links":{"self":[{"href":"https:\/\/piorapolskie.pl\/en\/wp-json\/wp\/v2\/pages\/1652"}],"collection":[{"href":"https:\/\/piorapolskie.pl\/en\/wp-json\/wp\/v2\/pages"}],"about":[{"href":"https:\/\/piorapolskie.pl\/en\/wp-json\/wp\/v2\/types\/page"}],"author":[{"embeddable":true,"href":"https:\/\/piorapolskie.pl\/en\/wp-json\/wp\/v2\/users\/2"}],"replies":[{"embeddable":true,"href":"https:\/\/piorapolskie.pl\/en\/wp-json\/wp\/v2\/comments?post=1652"}],"version-history":[{"count":4,"href":"https:\/\/piorapolskie.pl\/en\/wp-json\/wp\/v2\/pages\/1652\/revisions"}],"predecessor-version":[{"id":1789,"href":"https:\/\/piorapolskie.pl\/en\/wp-json\/wp\/v2\/pages\/1652\/revisions\/1789"}],"wp:attachment":[{"href":"https:\/\/piorapolskie.pl\/en\/wp-json\/wp\/v2\/media?parent=1652"}],"curies":[{"name":"wp","href":"https:\/\/api.w.org\/{rel}","templated":true}]}}